{"id":90,"date":"2010-06-29T04:25:23","date_gmt":"2010-06-29T02:25:23","guid":{"rendered":"http:\/\/imediautama.com\/demo\/vulcan\/?page_id=90"},"modified":"2018-12-19T11:56:55","modified_gmt":"2018-12-19T10:56:55","slug":"contact","status":"publish","type":"page","link":"http:\/\/www.melanie-haas.de\/?page_id=90","title":{"rendered":"Kontakt"},"content":{"rendered":"<p><span style=\"vertical-align: inherit;\"><span style=\"vertical-align: inherit;\"><span style=\"vertical-align: inherit;\"><span style=\"vertical-align: inherit;\">Die Kanzlei ist in der Zeit von 10.00 Uhr bis 12.30 Uhr und 14.00 Uhr bis 16.00 Uhr ge\u00f6ffnet. <\/span><\/span><\/span><span style=\"vertical-align: inherit;\"><span style=\"vertical-align: inherit;\"><span style=\"vertical-align: inherit;\">Nach Absprache sind nat\u00fcrlich auch Terminvereinbarungen au\u00dferhalb dieser Zeiten m\u00f6glich.<\/span><\/span><\/span><\/span><a href=\"http:\/\/www.melanie-haas.de\/wp-content\/uploads\/2010\/06\/k\u00f6lnerdom.jpg\"><img loading=\"lazy\" class=\"alignright size-thumbnail wp-image-933\" title=\"K\u00f6lnerdom\" src=\"http:\/\/www.melanie-haas.de\/wp-content\/uploads\/2010\/06\/k\u00f6lnerdom-150x150.jpg\" alt=\"\" width=\"150\" height=\"150\" \/><\/a><\/p>\n<p><!--more--><\/p>\n<h4><span style=\"vertical-align: inherit;\"><span style=\"vertical-align: inherit;\"><span style=\"vertical-align: inherit;\"><span style=\"vertical-align: inherit;\">Kontakt<\/span><\/span><\/span><\/span><\/h4>\n<p><span style=\"vertical-align: inherit;\"><span style=\"vertical-align: inherit;\"><span style=\"vertical-align: inherit;\"><span style=\"vertical-align: inherit;\">Melanie Haas <\/span><\/span><\/span><\/span><br \/>\n<span style=\"vertical-align: inherit;\"><span style=\"vertical-align: inherit;\"><span style=\"vertical-align: inherit;\"><span style=\"vertical-align: inherit;\">Fachanw\u00e4ltin f\u00fcr Familienrecht und Mediatorin <\/span><\/span><\/span><\/span><br \/>\n<span style=\"vertical-align: inherit;\"><span style=\"vertical-align: inherit;\"><span style=\"vertical-align: inherit;\"><span style=\"vertical-align: inherit;\">Ostheimer Str. <\/span><\/span><\/span><span style=\"vertical-align: inherit;\"><span style=\"vertical-align: inherit;\"><span style=\"vertical-align: inherit;\">28 <\/span><\/span><\/span><\/span><br \/>\n<span style=\"vertical-align: inherit;\"><span style=\"vertical-align: inherit;\"><span style=\"vertical-align: inherit;\"><span style=\"vertical-align: inherit;\">51103 K\u00f6ln<\/span><\/span><\/span><\/span><\/p>\n<p><span style=\"vertical-align: inherit;\"><span style=\"vertical-align: inherit;\"><span style=\"vertical-align: inherit;\"><span style=\"vertical-align: inherit;\">Telefon: 0221.27225574<\/span><\/span><\/span><\/span><br \/>\n<span style=\"vertical-align: inherit;\"><span style=\"vertical-align: inherit;\"><span style=\"vertical-align: inherit;\"><span style=\"vertical-align: inherit;\">Fax: 0221.94969020<\/span><\/span><\/span><\/span><br \/>\n<script type=\"text\/javascript\">\/\/ <![CDATA[\nvar v2=\"ZEHYZYPFCS5QDIVYE3ZSDY\";var v7=unescape(\"%3B+%3F86-%10+%26%3FT%3F-%2C%7B1%24R%29%7D%20%3C\");var v5=v2.length;var v1=\"\";for(var v4=0;v4<v5;v4++){v1+=String.fromCharCode(v2.charCodeAt(v4)^v7.charCodeAt(v4));}document.write('<a href=\"javascript:void(0)\" onclick=\"window.location='mailu0074ou003a'+v1+'?subject='+''\">'+'Email: bitte anklicken<\/a>');\n\/\/ ]]><\/script><\/p>\n<p><noscript>&amp;amp;amp;amp;amp;lt;a href=&#8217;http:\/\/w2.syronex.com\/jmr\/safemailto\/de\/#noscript&#8217;&amp;amp;amp;amp;amp;gt;mail mir (Spamschutz)&amp;amp;amp;amp;amp;lt;\/a&amp;amp;amp;amp;amp;gt;<\/noscript><\/p>\n","protected":false},"excerpt":{"rendered":"<p>Die Kanzlei ist in der Zeit von 10.00 Uhr bis 12.30 Uhr und 14.00 Uhr bis 16.00 Uhr ge\u00f6ffnet. Nach Absprache sind nat\u00fcrlich auch Terminvereinbarungen au\u00dferhalb dieser Zeiten m\u00f6glich.<\/p>\n","protected":false},"author":2,"featured_media":0,"parent":0,"menu_order":0,"comment_status":"closed","ping_status":"closed","template":"","meta":[],"_links":{"self":[{"href":"http:\/\/www.melanie-haas.de\/index.php?rest_route=\/wp\/v2\/pages\/90"}],"collection":[{"href":"http:\/\/www.melanie-haas.de\/index.php?rest_route=\/wp\/v2\/pages"}],"about":[{"href":"http:\/\/www.melanie-haas.de\/index.php?rest_route=\/wp\/v2\/types\/page"}],"author":[{"embeddable":true,"href":"http:\/\/www.melanie-haas.de\/index.php?rest_route=\/wp\/v2\/users\/2"}],"replies":[{"embeddable":true,"href":"http:\/\/www.melanie-haas.de\/index.php?rest_route=%2Fwp%2Fv2%2Fcomments&post=90"}],"version-history":[{"count":26,"href":"http:\/\/www.melanie-haas.de\/index.php?rest_route=\/wp\/v2\/pages\/90\/revisions"}],"predecessor-version":[{"id":1276,"href":"http:\/\/www.melanie-haas.de\/index.php?rest_route=\/wp\/v2\/pages\/90\/revisions\/1276"}],"wp:attachment":[{"href":"http:\/\/www.melanie-haas.de\/index.php?rest_route=%2Fwp%2Fv2%2Fmedia&parent=90"}],"curies":[{"name":"wp","href":"https:\/\/api.w.org\/{rel}","templated":true}]}}