{"id":535,"date":"2010-11-17T14:09:51","date_gmt":"2010-11-17T13:09:51","guid":{"rendered":"http:\/\/www.ahx.de\/rahaas\/?page_id=535"},"modified":"2023-04-20T17:20:08","modified_gmt":"2023-04-20T15:20:08","slug":"beratungshilfe","status":"publish","type":"page","link":"http:\/\/www.melanie-haas.de\/?page_id=535","title":{"rendered":"Beratungshilfe"},"content":{"rendered":"<p>Wer bed\u00fcrftig ist, d.h. keine oder nur geringe Eink\u00fcnfte und kein nennenswertes Verm\u00f6gen hat, ist berechtigt, f\u00fcr eine anwaltliche Beratung Beratungshilfe in Anspruch zu nehmen.<\/p>\n<p>Das auszuf\u00fcllende Formular ist beim Wohnsitzgericht vorzulegen. Wird die Beratungshilfe erteilt, so wird ein sog. Beratungshilfeschein ausgestellt, der dem Anwalt vor der Beratung zu \u00fcbergeben ist. Die Beratung ist dann kostenlos.<\/p>\n<p>Der Anwalt kann maximal \u20ac 15,00 als Eigenanteil vom Ratsuchenden verlangen.<\/p>\n<p>Einen Vordruck f\u00fcr die Beratungshilfe erhalten Sie <a href=\"http:\/\/www.justiz.nrw.de\/BS\/formulare\/beratungshilfe\/AG_I_1.pdf\" target=\"_blank\" rel=\"noopener\">hier<\/a>.<\/p>\n","protected":false},"excerpt":{"rendered":"<p>Wer bed\u00fcrftig ist, d.h. keine oder nur geringe Eink\u00fcnfte und kein nennenswertes Verm\u00f6gen hat, ist berechtigt, f\u00fcr eine anwaltliche Beratung Beratungshilfe in Anspruch zu nehmen. Das auszuf\u00fcllende Formular ist beim Wohnsitzgericht vorzulegen. Wird die Beratungshilfe erteilt, so wird ein sog. Beratungshilfeschein ausgestellt, der dem Anwalt vor der Beratung zu \u00fcbergeben ist. Die Beratung ist dann [&hellip;]<\/p>\n","protected":false},"author":2,"featured_media":0,"parent":524,"menu_order":0,"comment_status":"closed","ping_status":"closed","template":"","meta":[],"_links":{"self":[{"href":"http:\/\/www.melanie-haas.de\/index.php?rest_route=\/wp\/v2\/pages\/535"}],"collection":[{"href":"http:\/\/www.melanie-haas.de\/index.php?rest_route=\/wp\/v2\/pages"}],"about":[{"href":"http:\/\/www.melanie-haas.de\/index.php?rest_route=\/wp\/v2\/types\/page"}],"author":[{"embeddable":true,"href":"http:\/\/www.melanie-haas.de\/index.php?rest_route=\/wp\/v2\/users\/2"}],"replies":[{"embeddable":true,"href":"http:\/\/www.melanie-haas.de\/index.php?rest_route=%2Fwp%2Fv2%2Fcomments&post=535"}],"version-history":[{"count":9,"href":"http:\/\/www.melanie-haas.de\/index.php?rest_route=\/wp\/v2\/pages\/535\/revisions"}],"predecessor-version":[{"id":1328,"href":"http:\/\/www.melanie-haas.de\/index.php?rest_route=\/wp\/v2\/pages\/535\/revisions\/1328"}],"up":[{"embeddable":true,"href":"http:\/\/www.melanie-haas.de\/index.php?rest_route=\/wp\/v2\/pages\/524"}],"wp:attachment":[{"href":"http:\/\/www.melanie-haas.de\/index.php?rest_route=%2Fwp%2Fv2%2Fmedia&parent=535"}],"curies":[{"name":"wp","href":"https:\/\/api.w.org\/{rel}","templated":true}]}}