{"id":524,"date":"2010-11-17T14:00:46","date_gmt":"2010-11-17T13:00:46","guid":{"rendered":"http:\/\/www.ahx.de\/rahaas\/?page_id=524"},"modified":"2015-04-07T15:52:18","modified_gmt":"2015-04-07T13:52:18","slug":"kosten","status":"publish","type":"page","link":"http:\/\/www.melanie-haas.de\/?page_id=524","title":{"rendered":"Kosten Anwalt"},"content":{"rendered":"<h3>Rechtsanwaltsverg\u00fctungsgesetz oder Honorarvereinbarung<\/h3>\n<p>Grundlage jeder anwaltlichen Verg\u00fctung ist grunds\u00e4tzlich das RVG (Rechtsanwaltsverg\u00fctungsgesetz). Die S\u00e4tze des RVG gelten insbesondere f\u00fcr gerichtliche Verfahren, sofern nicht etwas anderes vereinbart wird.<\/p>\n<p>Bei au\u00dfergerichtlicher Beratung sind individuelle Honorarvereinbarungen m\u00f6glich. Dabei sind vor allem die Schwierigkeit, Umfang und Bedeutung des Falles entscheidend. Verm\u00f6gens- und Einkommensverh\u00e4ltnisse des Auftraggebers k\u00f6nnen Ber\u00fccksichtigung finden.<\/p>\n<p>Gern informiere ich Sie vor Mandants\u00fcbernahme \u00fcber die voraussichtlichen Kosten. Durch eine detaillierte Abrechnung mit \u00dcbersicht \u00fcber die nach dem RVG angefallenen Geb\u00fchren oder im Falle der Honorarvereinbarung \u00fcber die Bearbeitungsstunden und sonstigen angefallenen Auslagen wird Ihnen die Verg\u00fctung transparent gemacht.<\/p>\n","protected":false},"excerpt":{"rendered":"<p>Rechtsanwaltsverg\u00fctungsgesetz oder Honorarvereinbarung Grundlage jeder anwaltlichen Verg\u00fctung ist grunds\u00e4tzlich das RVG (Rechtsanwaltsverg\u00fctungsgesetz). Die S\u00e4tze des RVG gelten insbesondere f\u00fcr gerichtliche Verfahren, sofern nicht etwas anderes vereinbart wird. Bei au\u00dfergerichtlicher Beratung sind individuelle Honorarvereinbarungen m\u00f6glich. Dabei sind vor allem die Schwierigkeit, Umfang und Bedeutung des Falles entscheidend. Verm\u00f6gens- und Einkommensverh\u00e4ltnisse des Auftraggebers k\u00f6nnen Ber\u00fccksichtigung finden. Gern [&hellip;]<\/p>\n","protected":false},"author":2,"featured_media":0,"parent":34,"menu_order":0,"comment_status":"closed","ping_status":"closed","template":"","meta":[],"_links":{"self":[{"href":"http:\/\/www.melanie-haas.de\/index.php?rest_route=\/wp\/v2\/pages\/524"}],"collection":[{"href":"http:\/\/www.melanie-haas.de\/index.php?rest_route=\/wp\/v2\/pages"}],"about":[{"href":"http:\/\/www.melanie-haas.de\/index.php?rest_route=\/wp\/v2\/types\/page"}],"author":[{"embeddable":true,"href":"http:\/\/www.melanie-haas.de\/index.php?rest_route=\/wp\/v2\/users\/2"}],"replies":[{"embeddable":true,"href":"http:\/\/www.melanie-haas.de\/index.php?rest_route=%2Fwp%2Fv2%2Fcomments&post=524"}],"version-history":[{"count":13,"href":"http:\/\/www.melanie-haas.de\/index.php?rest_route=\/wp\/v2\/pages\/524\/revisions"}],"predecessor-version":[{"id":1186,"href":"http:\/\/www.melanie-haas.de\/index.php?rest_route=\/wp\/v2\/pages\/524\/revisions\/1186"}],"up":[{"embeddable":true,"href":"http:\/\/www.melanie-haas.de\/index.php?rest_route=\/wp\/v2\/pages\/34"}],"wp:attachment":[{"href":"http:\/\/www.melanie-haas.de\/index.php?rest_route=%2Fwp%2Fv2%2Fmedia&parent=524"}],"curies":[{"name":"wp","href":"https:\/\/api.w.org\/{rel}","templated":true}]}}