{"id":505,"date":"2010-11-17T13:29:29","date_gmt":"2010-11-17T12:29:29","guid":{"rendered":"http:\/\/www.ahx.de\/rahaas\/?page_id=505"},"modified":"2010-12-02T23:43:14","modified_gmt":"2010-12-02T22:43:14","slug":"ablauf-einer-mediation","status":"publish","type":"page","link":"http:\/\/www.melanie-haas.de\/?page_id=505","title":{"rendered":"Ablauf einer Mediation"},"content":{"rendered":"<h3>Die Phasen einer Mediation<\/h3>\n<p><!--more--><\/p>\n<h4>Einleitung (Phase I)<\/h4>\n<p>Die Einleitungsphase dient in erster Linie dem Vertrauensaufbau und der Schaffung einer Gespr\u00e4chsatmosph\u00e4re, die es den KonfliktpartnerInnen erm\u00f6glicht, sich auf den weiteren Prozess gut einlassen zu k\u00f6nnen. Um dies zu erreichen, stelle ich Ihnen das Verfahren vor, erl\u00e4uter Ihnen meine Rolle in diesem Verfahren, erkl\u00e4re Ihnen die f\u00fcr die Mediation geltenden Umgangsformen und Geheimhaltungsklauseln.<\/p>\n<p><!--more--><\/p>\n<h4>Themensammlung (Phase II)<\/h4>\n<p>In der Themensammlung bekommen beide Konfliktparteien in gleichem Ma\u00dfe Raum und Zeit, ihre ganz eigene Sichtweise des Konfliktes dem Mediator zu schildern, so dass Themen und Konfliktfelder gesammelt und f\u00fcr die weitere Bearbeitung strukturiert werden k\u00f6nnen.<\/p>\n<p><!--more--><\/p>\n<h4>Sichtweisen-und Hintergrunderkundung (Phase III)<\/h4>\n<p>Die Phase hilft entscheidend, die hinter dem Konflikt liegenden Bed\u00fcrfnisse, W\u00fcnsche, Interessen und Ziele der Medianden hervorzuholen.\u00a0 So k\u00f6nnen die Parteien die wahren Beweggr\u00fcnde des jeweils anderen kennen und verstehen lernen.\u00a0 Sie r\u00fccken immer mehr von den starren Positionen ab und wenden sich der gemeinsamen L\u00f6sung zu.<\/p>\n<p><!--more--><\/p>\n<h4>L\u00f6sungsfindung (Phase IV)<\/h4>\n<p>In dieser Phase werden L\u00f6sungoptionen zun\u00e4chst in einem Brainstorming bewertungsfrei gesammelt. Nach Abschluss der Ideenfindung werden diese L\u00f6sungsvorschl\u00e4ge von den Medianden bewertet und verhandelt.<\/p>\n<p>Der Mediator \u00fcberpr\u00fcft gemeinsam mit den Beteiligten, ob und wie sich die jeweiligen L\u00f6sungsoptionen in der Realit\u00e4t umsetzen lassen.\u00a0  Ziel ist, eine alltagstaugliche, m\u00f6glichst konkrete  Win-Win-L\u00f6sung herauszuarbeiten.<\/p>\n<p><!--more--><\/p>\n<h4>Abschlussvereinbarung (Phase V)<\/h4>\n<p>Die Abschlussvereinbarung bildet den Abschluss des Verfahrens und dient der Erstellung der (schriftlichen) L\u00f6sungsvereinbarung, die dann auch vor Gericht Bestand hat.<\/p>\n","protected":false},"excerpt":{"rendered":"<p>Die Phasen einer Mediation<\/p>\n","protected":false},"author":2,"featured_media":0,"parent":36,"menu_order":0,"comment_status":"closed","ping_status":"closed","template":"","meta":[],"_links":{"self":[{"href":"http:\/\/www.melanie-haas.de\/index.php?rest_route=\/wp\/v2\/pages\/505"}],"collection":[{"href":"http:\/\/www.melanie-haas.de\/index.php?rest_route=\/wp\/v2\/pages"}],"about":[{"href":"http:\/\/www.melanie-haas.de\/index.php?rest_route=\/wp\/v2\/types\/page"}],"author":[{"embeddable":true,"href":"http:\/\/www.melanie-haas.de\/index.php?rest_route=\/wp\/v2\/users\/2"}],"replies":[{"embeddable":true,"href":"http:\/\/www.melanie-haas.de\/index.php?rest_route=%2Fwp%2Fv2%2Fcomments&post=505"}],"version-history":[{"count":10,"href":"http:\/\/www.melanie-haas.de\/index.php?rest_route=\/wp\/v2\/pages\/505\/revisions"}],"predecessor-version":[{"id":508,"href":"http:\/\/www.melanie-haas.de\/index.php?rest_route=\/wp\/v2\/pages\/505\/revisions\/508"}],"up":[{"embeddable":true,"href":"http:\/\/www.melanie-haas.de\/index.php?rest_route=\/wp\/v2\/pages\/36"}],"wp:attachment":[{"href":"http:\/\/www.melanie-haas.de\/index.php?rest_route=%2Fwp%2Fv2%2Fmedia&parent=505"}],"curies":[{"name":"wp","href":"https:\/\/api.w.org\/{rel}","templated":true}]}}