{"id":36,"date":"2010-11-15T20:35:48","date_gmt":"2010-11-15T19:35:48","guid":{"rendered":"http:\/\/www.melanie-haas.de\/?page_id=36"},"modified":"2015-04-07T12:30:51","modified_gmt":"2015-04-07T10:30:51","slug":"mediation-2","status":"publish","type":"page","link":"http:\/\/www.melanie-haas.de\/?page_id=36","title":{"rendered":"Mediation"},"content":{"rendered":"<h3>Mediation-Der andere Weg<a href=\"http:\/\/www.melanie-haas.de\/wp-content\/uploads\/2010\/12\/steinweg1.jpg\"><img loading=\"lazy\" class=\"alignright size-thumbnail wp-image-1079\" title=\"Mediation - Der andere Weg\" src=\"http:\/\/www.melanie-haas.de\/wp-content\/uploads\/2010\/12\/steinweg1-150x150.jpg\" alt=\"\" width=\"150\" height=\"150\" \/><\/a><\/h3>\n<p>Mediation ist eine alternative und au\u00dfergerichtliche Vorgehensweise zur Beilegung von (Rechts-) Streitigkeiten. Mit Unterst\u00fctzung eines allparteilichen Vermittlers (Mediators) werden die Streitparteien dabei unterst\u00fctzt, ihren Konflikt selbst\u00e4ndig und einvernehmlich zu l\u00f6sen. Dabei stehen die <strong>Interessen<\/strong> und <strong>Bed\u00fcrfnisse<\/strong> der Parteien im Vordergrund.<\/p>\n<p><!--more--><\/p>\n<h4>Ziele<\/h4>\n<p>Ziel der Mediation ist es, dass die Beteiligten mit Blick in die Zukunft eine L\u00f6sung oder Regelung finden, die den Interessen der Parteien gleicherma\u00dfen und nachhaltig dient (sog. <strong>Win-Win<\/strong> L\u00f6sung). Dies ist gerade in familienrechtlichen F\u00e4llen von entscheidender Bedeutung, da sich die Lebenswege der Parteien z. B. durch gemeinsame Kinder auch nach dem Konflikt nicht ohne weiteres trennen lassen. Eltern k\u00f6nnen so auch nach der Trennung verantwortungsvolle Eltern bleiben.<\/p>\n<p><!--more--><\/p>\n<h4>Nutzen<\/h4>\n<p>Aber auch in allen anderen Bereichen, wie Nachbarschafts-Erbschafts- Arbeits und auch Wirtschaftstreitigkeiten bietet sich die Mediation als Weg der Konfliktl\u00f6sung bestens an, da auch hier h\u00e4ufig die Konfliktparteien nach der L\u00f6sung in Kontakt bleiben m\u00fcssen, allein aufgrund der Lebenssituation.<\/p>\n","protected":false},"excerpt":{"rendered":"<p>Mediation-Der andere Weg Mediation ist eine alternative und au\u00dfergerichtliche Vorgehensweise zur Beilegung von (Rechts-) Streitigkeiten. Mit Unterst\u00fctzung eines allparteilichen Vermittlers (Mediators) werden die Streitparteien dabei unterst\u00fctzt, ihren Konflikt selbst\u00e4ndig und einvernehmlich zu l\u00f6sen. Dabei stehen die Interessen und Bed\u00fcrfnisse der Parteien im Vordergrund.<\/p>\n","protected":false},"author":2,"featured_media":0,"parent":0,"menu_order":0,"comment_status":"closed","ping_status":"closed","template":"","meta":[],"_links":{"self":[{"href":"http:\/\/www.melanie-haas.de\/index.php?rest_route=\/wp\/v2\/pages\/36"}],"collection":[{"href":"http:\/\/www.melanie-haas.de\/index.php?rest_route=\/wp\/v2\/pages"}],"about":[{"href":"http:\/\/www.melanie-haas.de\/index.php?rest_route=\/wp\/v2\/types\/page"}],"author":[{"embeddable":true,"href":"http:\/\/www.melanie-haas.de\/index.php?rest_route=\/wp\/v2\/users\/2"}],"replies":[{"embeddable":true,"href":"http:\/\/www.melanie-haas.de\/index.php?rest_route=%2Fwp%2Fv2%2Fcomments&post=36"}],"version-history":[{"count":16,"href":"http:\/\/www.melanie-haas.de\/index.php?rest_route=\/wp\/v2\/pages\/36\/revisions"}],"predecessor-version":[{"id":1167,"href":"http:\/\/www.melanie-haas.de\/index.php?rest_route=\/wp\/v2\/pages\/36\/revisions\/1167"}],"wp:attachment":[{"href":"http:\/\/www.melanie-haas.de\/index.php?rest_route=%2Fwp%2Fv2%2Fmedia&parent=36"}],"curies":[{"name":"wp","href":"https:\/\/api.w.org\/{rel}","templated":true}]}}