{"id":34,"date":"2010-11-15T20:35:33","date_gmt":"2010-11-15T19:35:33","guid":{"rendered":"http:\/\/www.melanie-haas.de\/?page_id=34"},"modified":"2016-07-11T12:41:14","modified_gmt":"2016-07-11T10:41:14","slug":"familienrecht-2","status":"publish","type":"page","link":"http:\/\/www.melanie-haas.de\/?page_id=34","title":{"rendered":"Anwalt"},"content":{"rendered":"<h3>Als Anwalt-Der eine Weg<a href=\"http:\/\/www.melanie-haas.de\/wp-content\/uploads\/2010\/11\/buecherbunt.jpg\"><img loading=\"lazy\" class=\"alignright size-thumbnail wp-image-1003\" title=\"Rechtsanwalts B\u00fccher\" src=\"http:\/\/www.melanie-haas.de\/wp-content\/uploads\/2010\/11\/buecherbunt-150x150.jpg\" alt=\"\" width=\"150\" height=\"150\" \/><\/a><\/h3>\n<p>Ich berate und vertrete Sie in dem Bereich Familienrecht mit den folgenden Schwerpunkten:<\/p>\n<ul>\n<li>Ehevertrag<\/li>\n<li>Scheidung<\/li>\n<li>Sorge-und Umgangsrecht<\/li>\n<li>Ehegatten- Eltern-und Kindesunterhalt<\/li>\n<li>Ehe-und Scheidungsfolgenvertr\u00e4ge<\/li>\n<\/ul>\n<h4><!--more-->Zusammenarbeit mit meinen Mandanten<\/h4>\n<p>Die Zusammenarbeit mit meinen Mandanten\/Innen steht bei mir im Mittelpunkt. Jeder Mensch hat individuelle Bed\u00fcrfnisse und Interessen. Deswegen setze ich mich daf\u00fcr ein, auf diese individuellen Aspekte einzugehen. Durch eine ausf\u00fchrliche und gute Beratung, sei es als Anw\u00e4ltin oder Mediatorin, kann der Konflikt beleuchtet und individuell bearbeitet werden.<\/p>\n<p>Mit juristischer Fachkompetenz als Fachanw\u00e4ltin f\u00fcr Familienrecht und dem Willen, den Konflikt bestm\u00f6glich f\u00fcr Sie zu l\u00f6sen, suchen wir gemeinsam den f\u00fcr Sie besten L\u00f6sungsweg.<\/p>\n<p>Ein Gerichtsprozess ist ein Weg, die au\u00dfergerichtliche Mediation der andere Weg. Wichtig ist, dass die L\u00f6sung Sie langfristig zufrieden stellt und nicht nur einen halbherzigen Kompromiss darstellt.<\/p>\n<p>Meine Arbeit ist aufgrund dieser Sichtweise nicht nur von Fachwissen, sondern auch von der F\u00e4higkeit gepr\u00e4gt, \u00fcber den juristischen Tellerand zu schauen, einen Blick in die Zukunft zu wagen und mit meinen Mandanten\/Innen gemeinsam die optimale L\u00f6sung zu finden.<\/p>\n<p>Auf dieser Grundlage unterst\u00fctze und berate ich Sie als Mandantinnen und Mandanten.<\/p>\n<p>W\u00e4hrend der Zusammenarbeit werden Sie zeitnah \u00fcber alle Schritte informiert. F\u00fcr Fragen stehe ich Ihnen selbstverst\u00e4ndlich jederzeit zur Verf\u00fcgung.<\/p>\n","protected":false},"excerpt":{"rendered":"<p>Als Anwalt-Der eine Weg Ich berate und vertrete Sie in dem Bereich Familienrecht mit den folgenden Schwerpunkten: Ehevertrag Scheidung Sorge-und Umgangsrecht Ehegatten- Eltern-und Kindesunterhalt Ehe-und Scheidungsfolgenvertr\u00e4ge<\/p>\n","protected":false},"author":2,"featured_media":0,"parent":0,"menu_order":0,"comment_status":"closed","ping_status":"closed","template":"","meta":[],"_links":{"self":[{"href":"http:\/\/www.melanie-haas.de\/index.php?rest_route=\/wp\/v2\/pages\/34"}],"collection":[{"href":"http:\/\/www.melanie-haas.de\/index.php?rest_route=\/wp\/v2\/pages"}],"about":[{"href":"http:\/\/www.melanie-haas.de\/index.php?rest_route=\/wp\/v2\/types\/page"}],"author":[{"embeddable":true,"href":"http:\/\/www.melanie-haas.de\/index.php?rest_route=\/wp\/v2\/users\/2"}],"replies":[{"embeddable":true,"href":"http:\/\/www.melanie-haas.de\/index.php?rest_route=%2Fwp%2Fv2%2Fcomments&post=34"}],"version-history":[{"count":28,"href":"http:\/\/www.melanie-haas.de\/index.php?rest_route=\/wp\/v2\/pages\/34\/revisions"}],"predecessor-version":[{"id":1198,"href":"http:\/\/www.melanie-haas.de\/index.php?rest_route=\/wp\/v2\/pages\/34\/revisions\/1198"}],"wp:attachment":[{"href":"http:\/\/www.melanie-haas.de\/index.php?rest_route=%2Fwp%2Fv2%2Fmedia&parent=34"}],"curies":[{"name":"wp","href":"https:\/\/api.w.org\/{rel}","templated":true}]}}