{"id":1074,"date":"2010-12-03T20:01:28","date_gmt":"2010-12-03T19:01:28","guid":{"rendered":"http:\/\/www.melanie-haas.de\/?page_id=1074"},"modified":"2015-04-07T15:52:58","modified_gmt":"2015-04-07T13:52:58","slug":"kosten","status":"publish","type":"page","link":"http:\/\/www.melanie-haas.de\/?page_id=1074","title":{"rendered":"Kosten Mediation"},"content":{"rendered":"<h3>Mediation<\/h3>\n<p>Die Kl\u00e4rung der zu erwartenden Kosten erfolgt vorab telefonisch oder  in der ersten Sitzung. Sie berechnen sich grunds\u00e4tzlich nach Stunden.  Vereinbarungen \u00fcber Tages- oder Pauschals\u00e4tze sind jedoch individuell  m\u00f6glich. Viele Mediationen erzielen schon nach 1-2 Stunden eine L\u00f6sung,  dies h\u00e4ngt aber grunds\u00e4tzlich von den Parteien selbst ab.<\/p>\n<p>Es hat sich bew\u00e4hrt, dass sich die Beteiligten die Kosten teilen, die  Kostenverteilung liegt aber zur Disposition der Parteien. Die Teilung  der Kosten hat den Vorteil, dass beide gleicherma\u00dfen an einer L\u00f6sung  arbeiten und interessiert sind.<\/p>\n<p>Die Kosten bleiben im Gegensatz zu einer gerichtlichen  Auseinandersetzung meist \u00fcbersichtlich und sind nach Ende der Mediation  an den Mediator zu zahlen.<\/p>\n","protected":false},"excerpt":{"rendered":"<p>Mediation Die Kl\u00e4rung der zu erwartenden Kosten erfolgt vorab telefonisch oder in der ersten Sitzung. Sie berechnen sich grunds\u00e4tzlich nach Stunden. Vereinbarungen \u00fcber Tages- oder Pauschals\u00e4tze sind jedoch individuell m\u00f6glich. Viele Mediationen erzielen schon nach 1-2 Stunden eine L\u00f6sung, dies h\u00e4ngt aber grunds\u00e4tzlich von den Parteien selbst ab. Es hat sich bew\u00e4hrt, dass sich die [&hellip;]<\/p>\n","protected":false},"author":2,"featured_media":0,"parent":36,"menu_order":4,"comment_status":"closed","ping_status":"closed","template":"","meta":[],"_links":{"self":[{"href":"http:\/\/www.melanie-haas.de\/index.php?rest_route=\/wp\/v2\/pages\/1074"}],"collection":[{"href":"http:\/\/www.melanie-haas.de\/index.php?rest_route=\/wp\/v2\/pages"}],"about":[{"href":"http:\/\/www.melanie-haas.de\/index.php?rest_route=\/wp\/v2\/types\/page"}],"author":[{"embeddable":true,"href":"http:\/\/www.melanie-haas.de\/index.php?rest_route=\/wp\/v2\/users\/2"}],"replies":[{"embeddable":true,"href":"http:\/\/www.melanie-haas.de\/index.php?rest_route=%2Fwp%2Fv2%2Fcomments&post=1074"}],"version-history":[{"count":4,"href":"http:\/\/www.melanie-haas.de\/index.php?rest_route=\/wp\/v2\/pages\/1074\/revisions"}],"predecessor-version":[{"id":1188,"href":"http:\/\/www.melanie-haas.de\/index.php?rest_route=\/wp\/v2\/pages\/1074\/revisions\/1188"}],"up":[{"embeddable":true,"href":"http:\/\/www.melanie-haas.de\/index.php?rest_route=\/wp\/v2\/pages\/36"}],"wp:attachment":[{"href":"http:\/\/www.melanie-haas.de\/index.php?rest_route=%2Fwp%2Fv2%2Fmedia&parent=1074"}],"curies":[{"name":"wp","href":"https:\/\/api.w.org\/{rel}","templated":true}]}}